{"id":1004,"date":"2014-10-30T13:48:31","date_gmt":"2014-10-30T13:48:31","guid":{"rendered":"https:\/\/byomedicsystem.com\/producto\/bloque-de-yoga\/"},"modified":"2024-02-21T13:21:43","modified_gmt":"2024-02-21T13:21:43","slug":"bloque-de-yoga","status":"publish","type":"product","link":"https:\/\/byomedicsystem.com\/en\/tienda\/fitness\/bloque-de-yoga\/","title":{"rendered":"BLOQUE DE YOGA BFL"},"content":{"rendered":"","protected":false},"excerpt":{"rendered":"<p><span style=\"text-decoration: underline;\"><strong>Caracter\u00edsticas T\u00e9cnicas:<\/strong><\/span><\/p>\n<p>El bloque de yoga BFL est\u00e1 fabricado en espuma ligera de alta densidad y permite practicar posiciones nuevas y m\u00e1s dif\u00edciles.<\/p>\n<p><span style=\"text-decoration: underline;\"><strong>Dimensiones:<\/strong><\/span><\/p>\n<ul>\n<li><strong style=\"font-size: 11px;\">Long:<\/strong><span style=\"font-size: 11px;\"> 13 cm.<\/span><\/li>\n<li><strong style=\"font-size: 11px;\">Wide:<\/strong><span style=\"font-size: 11px;\"> 7 cm.<\/span><\/li>\n<li><strong style=\"font-size: 11px;\">High:<\/strong><span style=\"font-size: 11px;\"> 22 cm.<\/span><\/li>\n<\/ul>\n<ul>\n<li><strong>PRECIO A CONSULTAR<\/strong><\/li>\n<\/ul>","protected":false},"featured_media":236349,"template":"","meta":{"_et_pb_use_builder":"","_et_pb_old_content":"","_et_gb_content_width":""},"product_cat":[141,16],"product_tag":[],"_links":{"self":[{"href":"https:\/\/byomedicsystem.com\/en\/wp-json\/wp\/v2\/product\/1004"}],"collection":[{"href":"https:\/\/byomedicsystem.com\/en\/wp-json\/wp\/v2\/product"}],"about":[{"href":"https:\/\/byomedicsystem.com\/en\/wp-json\/wp\/v2\/types\/product"}],"wp:featuredmedia":[{"embeddable":true,"href":"https:\/\/byomedicsystem.com\/en\/wp-json\/wp\/v2\/media\/236349"}],"wp:attachment":[{"href":"https:\/\/byomedicsystem.com\/en\/wp-json\/wp\/v2\/media?parent=1004"}],"wp:term":[{"taxonomy":"product_cat","embeddable":true,"href":"https:\/\/byomedicsystem.com\/en\/wp-json\/wp\/v2\/product_cat?post=1004"},{"taxonomy":"product_tag","embeddable":true,"href":"https:\/\/byomedicsystem.com\/en\/wp-json\/wp\/v2\/product_tag?post=1004"}],"curies":[{"name":"wp","href":"https:\/\/api.w.org\/{rel}","templated":true}]}}