{"id":48919,"date":"2018-10-24T16:18:12","date_gmt":"2018-10-24T16:18:12","guid":{"rendered":"https:\/\/byomedicsystem.com\/?page_id=48919"},"modified":"2023-01-23T08:55:04","modified_gmt":"2023-01-23T08:55:04","slug":"aviso-legal","status":"publish","type":"page","link":"https:\/\/byomedicsystem.com\/en\/aviso-legal\/","title":{"rendered":"Aviso legal"},"content":{"rendered":"<p>[et_pb_section fb_built=\u00bb1&#8243; _builder_version=\u00bb4.16&#8243; custom_margin=\u00bb0px||0px|\u00bb custom_padding=\u00bb0px||0px|\u00bb global_colors_info=\u00bb{}\u00bb][et_pb_row _builder_version=\u00bb4.16&#8243; background_color=\u00bb#ffffed\u00bb width=\u00bb100%\u00bb max_width=\u00bb100%\u00bb custom_padding=\u00bb100px|0px|100px|0px|false|false\u00bb use_custom_width=\u00bbon\u00bb width_unit=\u00bboff\u00bb custom_width_percent=\u00bb100%\u00bb global_colors_info=\u00bb{}\u00bb][et_pb_column type=\u00bb4_4&#8243; _builder_version=\u00bb4.16&#8243; custom_padding=\u00bb|||\u00bb global_colors_info=\u00bb{}\u00bb custom_padding__hover=\u00bb|||\u00bb][et_pb_text _builder_version=\u00bb4.16&#8243; text_font=\u00bbOswald||||||||\u00bb text_text_color=\u00bbrgba(0,0,0,0.75)\u00bb text_font_size=\u00bb60px\u00bb text_letter_spacing=\u00bb2px\u00bb global_colors_info=\u00bb{}\u00bb]<\/p>\n<p style=\"text-align: center;\">AVISO LEGAL<\/p>\n<p>[\/et_pb_text][\/et_pb_column][\/et_pb_row][\/et_pb_section][et_pb_section fb_built=\u00bb1&#8243; _builder_version=\u00bb4.16&#8243; global_colors_info=\u00bb{}\u00bb][et_pb_row _builder_version=\u00bb4.16&#8243; global_colors_info=\u00bb{}\u00bb][et_pb_column type=\u00bb4_4&#8243; _builder_version=\u00bb4.16&#8243; custom_padding=\u00bb|||\u00bb global_colors_info=\u00bb{}\u00bb custom_padding__hover=\u00bb|||\u00bb][et_pb_text _builder_version=\u00bb4.16.0&#8243; _module_preset=\u00bbdefault\u00bb hover_enabled=\u00bb0&#8243; sticky_enabled=\u00bb0&#8243;]<\/p>\n<h2 style=\"text-align: left;\"><strong>AVISO LEGAL<\/strong><\/h2>\n<p>La titularidad dela p\u00e1gina web la ostenta: BYOMEDIC SYSTEM SLU provista de NIF: B64790314 ; domiciliada en: C\/. ABAT OLIBA N\u00ba38 2\u00ba PUERTA 1 &#8211; BARBERA DEL VALLES (Barcelona &#8211; 08210) no puede asumir ninguna responsabilidad derivada del uso incorrecto, inapropiado o il\u00edcito de la informaci\u00f3n aparecida en la p\u00e1gina.<\/p>\n<p>Con los l\u00edmites establecidos en la ley, BYOMEDIC SYSTEM SLU no asume ninguna responsabilidad derivada de la falta de veracidad, integridad, actualizaci\u00f3n y precisi\u00f3n de los datos o informaciones que se contienen en sus p\u00e1ginas de Internet.<\/p>\n<p>Los contenidos e informaci\u00f3n no vinculan a BYOMEDIC SYSTEM SLU ni constituyen opiniones, consejos o asesoramiento legal de ning\u00fan tipo pues se trata meramente de un servicio ofrecido con car\u00e1cter informativo y divulgativo.<\/p>\n<p>La p\u00e1gina de Internet puede contener enlaces (links) a otras p\u00e1ginas de terceras partes que no podemos controlar. Por lo tanto, BYOMEDIC SYSTEM SLU no puede asumir responsabilidades por el contenido que pueda aparecer en p\u00e1ginas de terceros.<\/p>\n<p>Los textos, im\u00e1genes, sonidos, animaciones, software y el resto de contenidos incluidos en este website son propiedad exclusiva de BYOMEDIC SYSTEM SLU y sus licenciantes. Cualquier acto de transmisi\u00f3n, distribuci\u00f3n, cesi\u00f3n, reproducci\u00f3n, almacenamiento o comunicaci\u00f3n p\u00fablica total o parcial, debe contar con el consentimiento expreso de BYOMEDIC SYSTEM SLU<\/p>\n<p>Asimismo, para acceder a algunos de los servicios que BYOMEDIC SYSTEM SLU ofrece a trav\u00e9s del website deber\u00e1\u0301 proporcionar algunos datos de car\u00e1cter personal. En cumplimiento de lo establecido en el Reglamento (UE) 2016\/679 del Parlamento Europeo y del Consejo, de 27 de abril de 2016, relativo a la protecci\u00f3n de las personas f\u00edsicas en lo que respecta al tratamiento de datos personales y a la libre circulaci\u00f3n de estos datos le informamos que, mediante la cumplimentaci\u00f3n de los presentes formularios, sus datos personales quedar\u00e1n incorporados y ser\u00e1n tratados en los ficheros de BYOMEDIC SYSTEM SLU con el fin de poderle prestar y ofrecer nuestros servicios as\u00ed\u0301 como para informarle de las mejoras del sitio Web. Asimismo, le informamos de la posibilidad de que ejerza los derechos de acceso, rectificaci\u00f3n, limitaci\u00f3n, portabilidad, oposici\u00f3n y supresi\u00f3n de sus datos de car\u00e1cter personal, de manera gratuita mediante email a BYOMEDIC@BYOMEDICSYSTEM.ES o en la direcci\u00f3n C\/. ABAT OLIBA N\u00ba38 2\u00ba PUERTA 1 &#8211; BARBERA DEL VALLES (Barcelona &#8211; 08210).<\/p>\n<p>[\/et_pb_text][et_pb_text _builder_version=\u00bb4.16&#8243; header_2_font=\u00bb|||on|||||\u00bb global_colors_info=\u00bb{}\u00bb]<\/p>\n<h2>Titular de la web y datos de contacto<\/h2>\n<p>www.byomedicsystem.es, es un dominio en Internet titularidad de BYOMEDIC SYSTEM, S.L.U. inscrita en el Registro Mercantil de Barcelona, Hoja 362656, Tomo 40293, Folio 0205, con CIF B64790314 y sede social y fiscal en Abat Oliba, 38, 2\u00ba. 1\u00aa. 08210 \u2013 Barber\u00e1 del Vall\u00e9s &#8211; Barcelona.<\/p>\n<p>Puede ponerse en contacto con nosotros:<br \/>\n\u2022 Por tel\u00e9fono fijo, en el n\u00famero 93 730 67 32<br \/>\n\u2022 Por tel\u00e9fono m\u00f3vil, en el n\u00famero 666 439 719 \u00f3 636 508 323<br \/>\n\u2022 Por correo electr\u00f3nico, escribiendo a byomedic@byomedicsystem.es<\/p>\n<p>&nbsp;<\/p>\n<hr \/>\n<h2><\/h2>\n<h2>Condiciones de uso de www.byomedicsystem.es<\/h2>\n<p>Las presentes condiciones de uso regulan el acceso a esta web por parte de los clientes de BYOMEDIC SYSTEM, S.L.U. y dem\u00e1s usuarios de Internet. Por el mero uso de este sitio web, el usuario manifiesta su aceptaci\u00f3n sin reservas de las presentes condiciones de uso.<\/p>\n<p>BYOMEDIC SYSTEM, S.L.U. se reserva el derecho unilateral de modificar las condiciones de acceso a la web, as\u00ed como los contenidos en ella incluidos o las condiciones de uso recogidas en este documento.<\/p>\n<p>La prestaci\u00f3n del servicio de este sitio web y las presentes condiciones de uso se rigen por la Ley espa\u00f1ola. Las partes, con renuncia expresa a cualquier otro fuero que pudiera corresponderles, acuerdan someterse a la jurisdicci\u00f3n de los Juzgados y Tribunales de Barcelona.<\/p>\n<p>&nbsp;<\/p>\n<hr \/>\n<h2><\/h2>\n<h2>Limitaci\u00f3n de responsabilidad<\/h2>\n<p>El contenido de este sitio web es de car\u00e1cter general y tiene una finalidad y efectos exclusivamente informativos. BYOMEDIC SYSTEM, S.L.U. rechaza la responsabilidad sobre cualquier informaci\u00f3n no elaborada por ella o no publicada de forma autorizada por ella bajo su nombre, al igual que la responsabilidad que se derive de la mala utilizaci\u00f3n de los contenidos, as\u00ed como se reserva el derecho a actualizarlos, a eliminarlos, limitarlos o impedir el acceso a ellos, de manera temporal o definitiva.<\/p>\n<p>El usuario exonera a BYOMEDIC SYSTEM, S.L.U. de cualquier responsabilidad que pudiera derivarse de las interrupciones de disponibilidad de la p\u00e1gina web, ya sea por mal funcionamiento del servidor web o de aplicaciones, de las infraestructuras de comunicaciones, o del software y hardware utilizados para la navegaci\u00f3n.<\/p>\n<p>Dada la naturaleza de Internet, basada en el concepto de hiperv\u00ednculo, es posible que esta web incluya enlaces a otros sitios web. BYOMEDIC SYSTEM, S.L.U. declina cualquier responsabilidad relacionada con el acceso y utilizaci\u00f3n de los enlaces a otros sitios facilitados en esta web.<\/p>\n<p>&nbsp;<\/p>\n<hr \/>\n<h2><\/h2>\n<h2>Propiedad intelectual e industrial<\/h2>\n<p>BYOMEDIC SYSTEM, S.L.U. es el titular de los derechos de propiedad intelectual sobre las im\u00e1genes, logotipos, textos y dise\u00f1os o de cualquier otro contenido o elemento de esta Web. En caso de no ser el titular, BYOMEDIC dispone de los permisos necesarios para la utilizaci\u00f3n de los mismos. Queda prohibida su reproducci\u00f3n, distribuci\u00f3n, comercializaci\u00f3n, transformaci\u00f3n de cualquier tipo sin consentimiento por escrito por parte de los responsables de BYOMEDIC SYSTEM, S.L.U.<\/p>\n<p>El usuario se obliga a utilizar los contenidos de forma diligente, correcta y l\u00edcita y, en particular, se compromete a abstenerse de suprimir, eludir o manipular el \u201ccopyright\u201d y dem\u00e1s datos identificativos de los derechos de BYOMEDIC SYSTEM, S.L.U. o de sus titulares incorporados a los contenidos, as\u00ed como los dispositivos t\u00e9cnicos de protecci\u00f3n o cualesquiera mecanismos de informaci\u00f3n que pudieren incluirse en los contenidos. Asimismo el usuario se abstendr\u00e1 de emplear los contenidos y, en particular, la informaci\u00f3n de cualquier clase obtenida a trav\u00e9s del sitio para remitir publicidad, comunicaciones con fines de venta directa o con cualquier otra clase de finalidad comercial, mensajes no solicitados dirigidos a una pluralidad de personas con independencia de su finalidad, as\u00ed como a abstenerse de comercializar o divulgar de cualquier modo dicha informaci\u00f3n.<\/p>\n<p>www.byomedicsytem.es es un dominio registrado por BYOMEDIC SYSTEM, S.L.U. No puede ser utilizado, salvo autorizaci\u00f3n expresa previa, en conexi\u00f3n con otros productos o servicios que no sean de BYOMEDIC SYSTEM,S.L.U. de ninguna manera que pueda causar confusi\u00f3n entre nuestros clientes o descr\u00e9dito de BYOMEDIC SYSTEM, S.L.U.<\/p>\n<p>&nbsp;<\/p>\n<hr \/>\n<h2><\/h2>\n<h2>Aportaciones de los usuarios<\/h2>\n<p>Salvo acuerdo particular diferente, las aportaciones (textos, fotograf\u00edas, dibujos, etc.) que los usuarios del entorno hagan a esta web implicar\u00e1n la cesi\u00f3n autom\u00e1tica del derecho de imagen y de los derechos de reproducci\u00f3n, distribuci\u00f3n, comunicaci\u00f3n o adaptaci\u00f3n de los contenidos entregados, en un \u00e1mbito geogr\u00e1fico mundial y por un periodo indefinido. Esta cesi\u00f3n permitir\u00e1 utilizar el material en el propio entorno (para llevar a cabo las finalidades que motivaron la recogida), as\u00ed como tambi\u00e9n la autorizaci\u00f3n para incorporar tales contenidos en aquellos soportes (CD-ROM, DVD, papel u otros) que permitan una actividad de promoci\u00f3n, archivo o investigaci\u00f3n de la web por parte de sus propietarios.<\/p>\n<p>&nbsp;<\/p>\n<hr \/>\n<h2><\/h2>\n<h2>Pol\u00edtica para enlazar a esta web<\/h2>\n<p>Si cualquier usuario, entidad o p\u00e1gina web deseara establecer alg\u00fan tipo de enlace con destino al sitio web de BYOMEDIC SYSTEM, S.L.U. debe atenerse a las siguientes condiciones:<\/p>\n<p>Debe solicitar autorizaci\u00f3n previamente escrita a la realizaci\u00f3n del enlace y debe constar de forma expresa su otorgamiento.<\/p>\n<p>S\u00f3lo se permite enlazar a la p\u00e1gina de inicio del sitio web.<\/p>\n<p>El enlace debe ser absoluto y completo, es decir, debe llevar al usuario a la propia direcci\u00f3n de BYOMEDIC SYSTEM, S.L.U. y debe abarcar completamente toda la extensi\u00f3n de la pantalla de la p\u00e1gina inicial. En ning\u00fan caso, salvo autorizaci\u00f3n expresa y por escrito de BYOMEDIC SYSTEM, S.L.U., la p\u00e1gina que realice el enlace podr\u00e1 reproducir de cualquier manera el sitio web de BYOMEDIC SYSTEM, S.L.U., incluirlo como parte de su web o dentro de uno de sus marcos o crear un browser sobre cualquiera de las p\u00e1ginas o contenidos del presente sitio.<\/p>\n<p>No se incluir\u00e1 ninguna manifestaci\u00f3n falsa, inexacta o incorrecta sobre las p\u00e1ginas de este sitio web o los servicios que en ella se ofrecen.<\/p>\n<p>El enlace (salvo aquellos signos que formen parte del mismo hiperenlace a la p\u00e1gina) no contendr\u00e1 ninguna marca, nombre comercial, r\u00f3tulo de establecimiento, denominaci\u00f3n, logotipo, eslogan u otros signos distintivos pertenecientes a BYOMEDIC SYSTEM, S.L.U.<\/p>\n<p>Bajo ninguna circunstancia, BYOMEDIC SYSTEM, S.L.U. ser\u00e1 responsable de los contenidos o servicios puestos a disposici\u00f3n del p\u00fablico en la p\u00e1gina web desde la que se realice el hiperenlace ni de las informaciones o manifestaciones incluidas en las mismas.<\/p>\n<p>&nbsp;<\/p>\n<hr \/>\n<h2><\/h2>\n<h2>Navegaci\u00f3n, accesibilidad y seguridad<\/h2>\n<h2>Software de navegaci\u00f3n y configuraci\u00f3n recomendada<\/h2>\n<p>Navegadores a utilizar: Explorer, Firefox, Chrome, Safari.<\/p>\n<p>Optimizado para resoluci\u00f3n m\u00ednima de 1024 x 768.<\/p>\n<p>&nbsp;<\/p>\n<hr \/>\n<h2><\/h2>\n<h2><span style=\"color: #333333; font-size: 26px;\">Consejos de seguridad en el uso de Internet<\/span><\/h2>\n<p>Con el objetivo de incrementar su seguridad en el uso de Internet, le ofrecemos las siguientes recomendaciones:<\/p>\n<p>\u2022 No abra mensajes de correo electr\u00f3nico de origen desconocido, y tampoco los archivos adjuntos que incluyan, pueden contener virus y otros programas malintencionados.<\/p>\n<p>\u2022 Muchos programas de correo disponen de m\u00f3dulos para la eliminaci\u00f3n autom\u00e1tica de correo electr\u00f3nico no deseado (SPAM).<\/p>\n<p>\u2022 Instale un programa antivirus y mant\u00e9ngalo actualizado constantemente.<\/p>\n<p>\u2022 No facilite sus datos personales si no se trata de una p\u00e1gina web de confianza. Los datos financieros (tarjeta de cr\u00e9dito etc) solo deben proporcionarse en entornos web seguros (protocolo https).<\/p>\n<p>\u2022 No utilice contrase\u00f1as f\u00e1ciles de adivinar. No reutilice la misma contrase\u00f1a en diferentes p\u00e1ginas. No guarde las contrase\u00f1as escritas en documentos de su ordenador.<\/p>\n<p>\u2022 Verifique peri\u00f3dicamente que su sistema operativo est\u00e1 actualizado contra las \u00faltimas vulnerabilidades detectadas.<\/p>\n<p>\u2022 Mantenga siempre actualizado su software de Internet (navegador, correo electr\u00f3nico, clientes de mensajer\u00eda).<\/p>\n<p>\u2022 Instale un software cortafuegos para impedir ataques a su ordenador (algunos sistemas operativos incluyen cortafuegos de manera gratuita).<\/p>\n<p>Realice, de manera peri\u00f3dica, copia de seguridad en soporte externo (diskette, CD, pendrive, etc) de los documentos importantes de su ordenador.<\/p>\n<p>&nbsp;<\/p>\n<hr \/>\n<h2><\/h2>\n<h2>Pol\u00edtica de privacidad y protecci\u00f3n de datos<\/h2>\n<h2>Datos solicitados<\/h2>\n<p>Para acceder a algunos de los espacios de la web ser\u00e1 necesario facilitar determinados datos personales que ser\u00e1n tratados de forma automatizada. Dichos tratamientos o ficheros ser\u00e1n inscritos en la Agencia Espa\u00f1ola de Protecci\u00f3n de Datos bajo la titularidad de BYOMEDIC SYSTEM, S.L.U.<\/p>\n<p>El responsable del fichero (BYOMEDIC SYSTEM, S.L.U) se compromete a cumplir la obligaci\u00f3n de secreto respecto de los contenidos en el fichero.<\/p>\n<h2>Derecho de acceso<\/h2>\n<p>El titular de los datos de car\u00e1cter personal tendr\u00e1 derecho acceso, rectificaci\u00f3n cancelaci\u00f3n u oposici\u00f3n respecto a cuantos datos suyos existan almacenados en la base de datos de BYOMEDIC SYSTEM, S.L.U. Dichos derechos podr\u00e1n ser ejercitados a trav\u00e9s de cualquier medio de comunicaci\u00f3n con BYOMEDIC SYSTEM, S.L.U en la direcci\u00f3n Calle Abat Oliba, 38, 2\u00ba. 1\u00aa. (08210) Barber\u00e1 del Vall\u00e9s &#8211; Barcelona o en el e-mail byomedic@byomedicsystem.es.<\/p>\n<h2>Objetivos de la recogida de datos<\/h2>\n<p>Cuando sea solicitada la cumplimentaci\u00f3n de un formulario en el que se recojan datos de car\u00e1cter personal, se informar\u00e1 al usuario de la finalidad del tratamiento, de la identidad y direcci\u00f3n del responsable del fichero, de los destinatarios de la informaci\u00f3n y de la posibilidad del titular de los datos de ejercer los derechos de acceso, rectificaci\u00f3n, cancelaci\u00f3n y oposici\u00f3n al tratamiento de sus datos.<\/p>\n<p>Al mismo tiempo, los usuarios autorizan expresamente BYOMEDIC SYSTEM, S.L.U. a enviarles informaci\u00f3n comercial v\u00eda electr\u00f3nica, respecto de novedades en el \u00e1mbito de los productos y servicios prestados por la misma; en el supuesto de que no deseen recibir la mencionada informaci\u00f3n bastar\u00e1 con notificarlo v\u00eda e-mail a byomedic@byomedicsystem.es.<\/p>\n<h2>Veracidad de los datos<\/h2>\n<p>El usuario deber\u00e1 rellenar los formularios con datos verdaderos, exactos, completos y actuales. En el caso de que el usuario introduzca datos correspondientes a otra persona, se entender\u00e1 que tiene consentimiento expreso para ello de esta persona, y que \u00e9sta nos otorga autorizaci\u00f3n para realizar el tratamiento descrito. El usuario ser\u00e1 el \u00fanico responsable de cualquier da\u00f1o o perjuicio, directo o indirecto que pudiera ocasionar a cualquier persona a causa de la cumplimentaci\u00f3n del formulario con datos falsos, inexactos, incompletos o no actualizados.<\/p>\n<h2>Medidas de seguridad<\/h2>\n<p>BYOMEDIC SYSTEM, S.L.U ha tomado todas las medidas legalmente requeridas para la protecci\u00f3n de datos personales; asimismo, ha adoptado todos los dispositivos t\u00e9cnicos a su alcance para evitar la p\u00e9rdida, el mal uso, la alteraci\u00f3n, el acceso o el robo de los datos personales facilitados por los usuarios de la web. El usuario tendr\u00e1 en cuenta, sin embargo, que las medidas de seguridad en Internet no son absolutamente inviolables. Por esta raz\u00f3n aconsejamos consultar el apartado Recomendaciones de uso de Internet.<\/p>\n<h2>Presencia de \u00abcookies\u00bb<\/h2>\n<p>Esta web utiliza \u00abcookies\u00bb cuando un usuario navega por la web. Las \u00abcookies\u00bb son unos peque\u00f1os ficheros de datos que el servidor de Internet remite al navegador y que le son devueltos posteriormente en cada nueva petici\u00f3n. Estos ficheros se almacenan en el ordenador del usuario y permiten al sistema recordar caracter\u00edsticas o preferencias de navegaci\u00f3n de sesiones anteriores. Las \u00abcookies\u00bb de esta web no son invasivas ni nocivas, y no contienen datos de car\u00e1cter personal. En todo caso, puede desactivar la utilizaci\u00f3n de cookies\u00bb siguiendo las instrucciones de su navegador.<\/p>\n<p>&nbsp;<\/p>\n<hr \/>\n<p>&nbsp;<\/p>\n<p>BYOMEDIC SYSTEM, S.L.U. Nombre comercial registrado &#8216;BYOMEDIC\u00ae&#8217;<br \/>\n[\/et_pb_text][\/et_pb_column][\/et_pb_row][\/et_pb_section]<\/p>","protected":false},"excerpt":{"rendered":"<p>AVISO LEGAL AVISO LEGAL La titularidad dela p\u00e1gina web la ostenta: BYOMEDIC SYSTEM SLU provista de NIF: B64790314 ; domiciliada en: C\/. ABAT OLIBA N\u00ba38 2\u00ba PUERTA 1 &#8211; BARBERA DEL VALLES (Barcelona &#8211; 08210) no puede asumir ninguna responsabilidad derivada del uso incorrecto, inapropiado o il\u00edcito de la informaci\u00f3n aparecida en la p\u00e1gina. Con [&hellip;]<\/p>","protected":false},"author":30,"featured_media":0,"parent":0,"menu_order":0,"comment_status":"closed","ping_status":"closed","template":"","meta":{"_et_pb_use_builder":"on","_et_pb_old_content":"","_et_gb_content_width":"","footnotes":""},"_links":{"self":[{"href":"https:\/\/byomedicsystem.com\/en\/wp-json\/wp\/v2\/pages\/48919"}],"collection":[{"href":"https:\/\/byomedicsystem.com\/en\/wp-json\/wp\/v2\/pages"}],"about":[{"href":"https:\/\/byomedicsystem.com\/en\/wp-json\/wp\/v2\/types\/page"}],"author":[{"embeddable":true,"href":"https:\/\/byomedicsystem.com\/en\/wp-json\/wp\/v2\/users\/30"}],"replies":[{"embeddable":true,"href":"https:\/\/byomedicsystem.com\/en\/wp-json\/wp\/v2\/comments?post=48919"}],"version-history":[{"count":13,"href":"https:\/\/byomedicsystem.com\/en\/wp-json\/wp\/v2\/pages\/48919\/revisions"}],"predecessor-version":[{"id":237147,"href":"https:\/\/byomedicsystem.com\/en\/wp-json\/wp\/v2\/pages\/48919\/revisions\/237147"}],"wp:attachment":[{"href":"https:\/\/byomedicsystem.com\/en\/wp-json\/wp\/v2\/media?parent=48919"}],"curies":[{"name":"wp","href":"https:\/\/api.w.org\/{rel}","templated":true}]}}