{"id":234921,"date":"2018-10-31T17:02:50","date_gmt":"2018-10-31T17:02:50","guid":{"rendered":"https:\/\/byomedicsystem.com\/?page_id=234921"},"modified":"2018-10-31T17:02:50","modified_gmt":"2018-10-31T17:02:50","slug":"proteccion-datos","status":"publish","type":"page","link":"https:\/\/byomedicsystem.com\/en\/proteccion-datos\/","title":{"rendered":"Data Protection"},"content":{"rendered":"<p>[et_pb_section bb_built=\u00bb1&#8243; _builder_version=\u00bb3.15&#8243; custom_margin=\u00bb0px||0px|\u00bb custom_padding=\u00bb0px||0px|\u00bb next_background_color=\u00bb#000000&#8243;][et_pb_row use_custom_width=\u00bbon\u00bb width_unit=\u00bboff\u00bb custom_width_percent=\u00bb100%\u00bb _builder_version=\u00bb3.15&#8243; background_color=\u00bb#ffffed\u00bb custom_padding=\u00bb100px|0px|100px|0px|false|false\u00bb][et_pb_column type=\u00bb4_4&#8243;][et_pb_text admin_label=\u00bbProtecci\u00f3n de Datos\u00bb _builder_version=\u00bb3.15&#8243; text_font_size=\u00bb60px\u00bb text_letter_spacing=\u00bb2px\u00bb text_font=\u00bbOswald||||||||\u00bb text_text_color=\u00bbrgba(0,0,0,0.75)\u00bb]<\/p>\n<p style=\"text-align: center;\">PROTECCI\u00d3N DE DATOS<\/p>\n<p>[\/et_pb_text][\/et_pb_column][\/et_pb_row][\/et_pb_section][et_pb_section bb_built=\u00bb1&#8243; _builder_version=\u00bb3.15&#8243; prev_background_color=\u00bb#000000&#8243;][et_pb_row _builder_version=\u00bb3.15&#8243;][et_pb_column type=\u00bb4_4&#8243;][et_pb_text _builder_version=\u00bb3.15&#8243; header_2_font=\u00bb|||on|||||\u00bb]<\/p>\n<p>Le informamos que los datos personales obtenidos mediante este formulario, as\u00ed como su direcci\u00f3n de correo electr\u00f3nico, han sido incorporados en un fichero del cual es responsable BYOMEDIC SYSTEM, SLU, con la finalidad de atender sus consultas y enviarle informaci\u00f3n relacionada con la entidad que pudiera ser de su inter\u00e9s.<\/p>\n<p>BYOMEDIC SYSTEM, SLU se compromete a usar los datos recogidos mediante este formulario, \u00fanicamente para la finalidad anteriormente mencionada.<\/p>\n<p>El interesado declara tener conocimiento del destino y uso de los datos personales recogidos mediante la lectura de la presente cl\u00e1usula.<\/p>\n<p>El env\u00edo de este e\u2010mail implica la aceptaci\u00f3n de las cla\u00fasulas expuestas.<\/p>\n<p>Si desea ejercer los derechos de acceso, rectificaci\u00f3n, cancelaci\u00f3n u oposici\u00f3n en los t\u00e9rminos establecidos en la Ley Org\u00e1nica 15\/1999, puede hacerlo a la siguiente direcci\u00f3n BYOMEDIC SYSTEM, SLU; C\/. ABAT OLIBA, 38, 2o. 1a., 08210 BARBERA DEL VALLES \u2013 BARCELONA.<\/p>\n<p>[\/et_pb_text][\/et_pb_column][\/et_pb_row][\/et_pb_section]<\/p>","protected":false},"excerpt":{"rendered":"<p>PROTECCI\u00d3N DE DATOS Le informamos que los datos personales obtenidos mediante este formulario, as\u00ed como su direcci\u00f3n de correo electr\u00f3nico, han sido incorporados en un fichero del cual es responsable BYOMEDIC SYSTEM, SLU, con la finalidad de atender sus consultas y enviarle informaci\u00f3n relacionada con la entidad que pudiera ser de su inter\u00e9s. BYOMEDIC SYSTEM, [&hellip;]<\/p>","protected":false},"author":30,"featured_media":0,"parent":0,"menu_order":0,"comment_status":"closed","ping_status":"closed","template":"","meta":{"_et_pb_use_builder":"on","_et_pb_old_content":"","_et_gb_content_width":"","footnotes":""},"_links":{"self":[{"href":"https:\/\/byomedicsystem.com\/en\/wp-json\/wp\/v2\/pages\/234921"}],"collection":[{"href":"https:\/\/byomedicsystem.com\/en\/wp-json\/wp\/v2\/pages"}],"about":[{"href":"https:\/\/byomedicsystem.com\/en\/wp-json\/wp\/v2\/types\/page"}],"author":[{"embeddable":true,"href":"https:\/\/byomedicsystem.com\/en\/wp-json\/wp\/v2\/users\/30"}],"replies":[{"embeddable":true,"href":"https:\/\/byomedicsystem.com\/en\/wp-json\/wp\/v2\/comments?post=234921"}],"version-history":[{"count":2,"href":"https:\/\/byomedicsystem.com\/en\/wp-json\/wp\/v2\/pages\/234921\/revisions"}],"predecessor-version":[{"id":234923,"href":"https:\/\/byomedicsystem.com\/en\/wp-json\/wp\/v2\/pages\/234921\/revisions\/234923"}],"wp:attachment":[{"href":"https:\/\/byomedicsystem.com\/en\/wp-json\/wp\/v2\/media?parent=234921"}],"curies":[{"name":"wp","href":"https:\/\/api.w.org\/{rel}","templated":true}]}}