{"id":234913,"date":"2018-10-31T15:18:19","date_gmt":"2018-10-31T15:18:19","guid":{"rendered":"https:\/\/byomedicsystem.com\/?page_id=234913"},"modified":"2019-02-21T11:21:19","modified_gmt":"2019-02-21T11:21:19","slug":"condiciones-de-venta","status":"publish","type":"page","link":"https:\/\/byomedicsystem.com\/en\/condiciones-de-venta\/","title":{"rendered":"Condiciones de venta"},"content":{"rendered":"<p>[et_pb_section bb_built=\u00bb1&#8243; _builder_version=\u00bb3.15&#8243; custom_margin=\u00bb0px||0px|\u00bb custom_padding=\u00bb0px||0px|\u00bb next_background_color=\u00bb#000000&#8243;][et_pb_row use_custom_width=\u00bbon\u00bb width_unit=\u00bboff\u00bb custom_width_percent=\u00bb100%\u00bb _builder_version=\u00bb3.15&#8243; background_color=\u00bb#ffffed\u00bb custom_padding=\u00bb100px|0px|100px|0px|false|false\u00bb][et_pb_column type=\u00bb4_4&#8243;][et_pb_text admin_label=\u00bbCondiciones de venta\u00bb _builder_version=\u00bb3.15&#8243; text_font_size=\u00bb60px\u00bb text_letter_spacing=\u00bb2px\u00bb text_font=\u00bbOswald||||||||\u00bb text_text_color=\u00bbrgba(0,0,0,0.75)\u00bb]<\/p>\n<p style=\"text-align: center;\">CONDICIONES DE VENTA<\/p>\n<p>[\/et_pb_text][\/et_pb_column][\/et_pb_row][\/et_pb_section][et_pb_section bb_built=\u00bb1&#8243; _builder_version=\u00bb3.15&#8243; prev_background_color=\u00bb#000000&#8243; next_background_color=\u00bb#000000&#8243; custom_padding=\u00bb||10px|\u00bb custom_margin=\u00bb||10px|\u00bb][et_pb_row _builder_version=\u00bb3.15&#8243;][et_pb_column type=\u00bb4_4&#8243;][et_pb_text _builder_version=\u00bb3.15&#8243; header_2_font=\u00bb|||on|||||\u00bb]<\/p>\n<h3><span style=\"color: #ffa300;\">POR FAVOR, LEA ATENTAMENTE NUESTRAS CONDICIONES DE VENTA ANTES DE CONFIRMAR SU PEDIDO.<\/span><\/h3>\n<p>&nbsp;<\/p>\n<h2>C\u00f3mo realizar un pedido<\/h2>\n<p class=\"p3\">Puede realizar sus pedidos por los siguientes medios:<\/p>\n<ol class=\"ol1\">\n<li class=\"li4\">Por tel\u00e9fono 93 730 67 32&nbsp;en horario de lunes a viernes de 9 h. a 13.30 h. y de 16 h. a 18 h.<\/li>\n<li class=\"li4\">Por e-mail a byomedic@byomedicsystem.es<\/li>\n<li class=\"li4\">On-line a trav\u00e9s de nuestra pagina web www.byomedicsystem.es<\/li>\n<li class=\"li3\">En tienda. Venta directa en nuestra tienda, en Horario de 9 h. a 13.30 h. y de 16 h. a 18 h. Llamar antes para consultar disponibilidad del producto y evitar desplazamientos innecesarios.<\/li>\n<\/ol>\n<p>&nbsp;<\/p>\n<hr>\n<h2><\/h2>\n<h2>Precios<\/h2>\n<p>Los precios que aparecen en la p\u00e1gina web, est\u00e1n expresados en Euros.<\/p>\n<p>Los precios expuestos en las p\u00e1ginas de esta web son con impuestos incluidos, y \u00e9stos depender\u00e1n de la zona, pa\u00eds, de la cantidad y del volumen del paquete.<\/p>\n<p>En Espa\u00f1a se aplicar\u00e1 el Impuesto sobre el Valor A\u00f1adido (I.V.A.) a excepci\u00f3n de Canarias, Ceuta, Melilla y Andorra (en estos territorios los gastos del despacho de aduanas y los impuestos de importaci\u00f3n y exportaci\u00f3n correr\u00e1n a cargo del cliente a pagar en destino).<\/p>\n<p>El resto de pa\u00edses del mundo, est\u00e1n exentos de pagar el impuesto sobre el Valor A\u00f1adido (I.V.A.) de Espa\u00f1a y los gastos de despacho de aduanas y los impuestos de importaci\u00f3n y exportaci\u00f3n correr\u00e1n a cargo del cliente a pagar en destino.<\/p>\n<p>Los precios y productos pueden sufrir alteraciones sin previo aviso.<\/p>\n<p>&nbsp;<\/p>\n<hr>\n<h2><\/h2>\n<h2>Formas de pago<\/h2>\n<ul>\n<li>Pago por tarjeta de cr\u00e9dito y d\u00e9bito (Visa, Mastercard, Maestro, JCB, American Express y Diners Club Internacional, Sequra).<\/li>\n<li>\u00danicamente a trav\u00e9s de la p\u00e1gina web.<\/li>\n<li>Se aceptan tarjetas con seguridad PCI-DSS<\/li>\n<li>En efectivo en nuestra tienda.<\/li>\n<li>Cuenta Bancaria BBVA: IBAN ES85 0182 9768 0102 0009 2915&nbsp; |&nbsp; SWIFT\/BIC: BBVAESMMXXX<\/li>\n<\/ul>\n<p class=\"p3\"><strong>**NOTA: Es muy importante para las transferencias o ingresos, que en el campo REMITENTE u ORDENANTE indique el nombre del cliente final, y en el CONCEPTO deber\u00e1 indicar el N\u00ba de pedido, N\u00ba Presupuesto o N\u00ba Factura.<\/strong><\/p>\n<ul>\n<p>[\/et_pb_text][\/et_pb_column][\/et_pb_row][\/et_pb_section][et_pb_section bb_built=\u00bb1&#8243; _builder_version=\u00bb3.15&#8243; prev_background_color=\u00bb#000000&#8243; module_id=\u00bbsequra\u00bb custom_margin=\u00bb0px|||\u00bb custom_padding=\u00bb0px|||\u00bb][et_pb_row _builder_version=\u00bb3.15&#8243; custom_margin=\u00bb0px|||\u00bb][et_pb_column type=\u00bb4_4&#8243;][et_pb_text _builder_version=\u00bb3.15&#8243; header_2_font=\u00bb|||on|||||\u00bb]<\/p>\n<ul>\n<li>SEQURA<\/li>\n<p>&nbsp;<\/p>\n<\/ul>\n<h3>Fracciona tu pago con SeQura<\/h3>\n<p>Fracciona tu pago en 3, 6 o 12 cuotas mensuales. Inmediato, sin papeleo y con s\u00f3lo un coste fijo por cuota.<\/p>\n<p>&nbsp;<\/p>\n<p><strong>\u00bfC\u00f3mo funciona?<\/strong><\/p>\n<ol style=\"margin-left: 20px;\">\n<li>Elige Fracciona tu pago con SeQura al realizar tu pedido y paga s\u00f3lo la primera cuota.<\/li>\n<li>Recibe tu pedido.<\/li>\n<li>El resto de pagos se cargar\u00e1n autom\u00e1ticamente a tu tarjeta.<\/li>\n<\/ol>\n<p>Adem\u00e1s puedes pagar el total de tu pedido cuando quieras sin costes adicionales.<\/p>\n<p>&nbsp;<\/p>\n<p><strong>\u00bfCu\u00e1nto cuesta este servicio?<\/strong><\/p>\n<p><i>El coste del servicio es fijo, dependiendo del importe del pedido. No hay intereses ni existe ning\u00fan otro pago adicional.<\/i><\/p>\n<p><a class=\"btn btn-default btn-small\" title=\"Sequra\" href=\"https:\/\/www.sequra.es\/preguntas-frecuentes.html\" target=\"_blank\" rel=\"noopener\">Tengo m\u00e1s preguntas<\/a><\/p>\n<h3><\/h3>\n<p>&nbsp;<\/p>\n<h3>Recibe primero, paga despu\u00e9s<\/h3>\n<p><strong>\u00bfC\u00f3mo funciona?<\/strong><\/p>\n<ol style=\"margin-left: 20px;\">\n<li>Elige esta opci\u00f3n al realizar tu pedido, no necesitas tarjeta.<\/li>\n<li><strong>Rec\u00edbelo y comprueba tu compra.<\/strong><\/li>\n<li>Tienes hasta 7 d\u00edas despu\u00e9s del env\u00edo para pagar.<\/li>\n<\/ol>\n<p><strong>Sin coste adicional.<\/strong><\/p>\n<p><a class=\"btn btn-default btn-small\" title=\"Sequra\" href=\"https:\/\/www.sequra.es\/preguntas-frecuentes.html\" target=\"_blank\" rel=\"noopener\">Tengo m\u00e1s preguntas<\/a><\/p>\n<p>&nbsp;<\/p>\n<hr \/>\n<h2><\/h2>\n<h2>Portes y plazos de entrega<\/h2>\n<p>BYOMEDIC SYSTEM, S.L.U. garantiza el env\u00edo entre 24 y 48 horas h\u00e1biles de todos los productos salvo en aquellos productos en los que se indique expresamente otro plazo de entrega diferente, y siempre que los pedidos sean recibidos en nuestras oficinas antes de las 13:00 horas de Lunes a Viernes. En BYOMEDIC SYSTEM, S.L.U. nos preocupa mucho el env\u00edo y hacemos el mayor esfuerzo para cumplir con los plazos de entrega en que nos hemos comprometido, para ello utilizamos transportistas l\u00edderes de mercado como SEUR, NACEX, MRW \u00f3 UPS.<\/p>\n<p>Realizamos env\u00edos en toda Espa\u00f1a, Canarias, Ceuta, Melilla, Andorra y tambi\u00e9n a cualquier pa\u00eds del mundo.<\/p>\n<p>Si en el momento de la entrega Usted no se encuentra en la direcci\u00f3n que nos ha indicado, la compa\u00f1\u00eda de transportes le dejar\u00e1 un aviso y se pondr\u00e1 en contacto con usted para poder fijar la entrega.<\/p>\n<p>A la hora de recepcionar su paquete es importante comprobar que el embalaje y el interior llegan en buen estado.<\/p>\n<p><strong>MUY IMPORTANTE:<\/strong> si observa cualquier incidencia, en un plazo m\u00e1ximo de 24 horas despu\u00e9s de su recepci\u00f3n, se deber\u00e1 dar parte a la empresa que ha realizado el transporte, reclamando los da\u00f1os en el producto y notificarnos la incidencia. De no ser as\u00ed, BYOMEDIC SYSTEM, S.L.U. no puede responsabilizarse de los da\u00f1os ocasionados. Se recomienda poner siempre en el albar\u00e1n del transportista, CONFORME SALVO EXAMEN, para poder reclamar posteriormente ya que de lo contrario el transportista da por conforme la recepci\u00f3n del producto.<\/p>\n<p>Si Usted necesita el material con urgencia, consultar el plazo de entrega por e-mail en byomedic@byomedicsystem.es o por tel\u00e9fono fijo en el 93 730 67 32 o por m\u00f3vil en el 666 439 719 \u00f3 636 508 323<\/p>\n<p>Los plazos de entrega aproximados, en d\u00edas laborables son los siguientes:<\/p>\n<ul>\n<li>Pen\u00ednsula: 1-2 d\u00edas<\/li>\n<li>Baleares: 2-3 d\u00edas<\/li>\n<li>Resto de zonas: Consultar previamente<\/li>\n<li>Otros pa\u00edses: Consultar previamente<\/li>\n<\/ul>\n<p>&nbsp;<\/p>\n<hr \/>\n<h2><\/h2>\n<h2>Devoluciones<\/h2>\n<p class=\"p3\">No se admitir\u00e1n devoluciones transcurridos 8 d\u00edas desde la fecha de env\u00edo.<br \/>\nLos gastos de env\u00edo y recogida en caso de devoluci\u00f3n, correr\u00e1n por cuenta del cliente.<\/p>\n<p class=\"p3\">Para realizar dicha devoluci\u00f3n debe saber que:<\/p>\n<ol>\n<li>El producto debe estar Completo, precinto intacto, no utilizado, sin manchas, caja original, no manipulado, en perfecto estado.<br \/>\nNo podr\u00e1n ser devueltos por temas de higiene aquellos productos que hayan sido usados en actividades deportivas. Se devolver\u00e1 el 100%, excepto gastos de env\u00edo, devoluci\u00f3n y manipulaci\u00f3n.<\/li>\n<li>Si el producto no era el solicitado o tiene alg\u00fan defecto, la devoluci\u00f3n es inmediata.<span class=\"s2\"><br \/>\n<\/span><\/li>\n<li>Para realizar la devoluci\u00f3n de su pedido BYOMEDIC SYSTEM, S.L.U. Le facilitar\u00e1 el tel\u00e9fono del transportista que pueda recoger la mercanc\u00eda en su casa y la direcci\u00f3n de env\u00edo, o bien tramitar\u00e1 la recogida directamente. Si lo prefiere puede elegir su propio transportista.<br \/>\nUna vez est\u00e9 el producto en nuestros almacenes y hayamos comprobado que se encuentra en perfecto estado procederemos a realizar una transferencia bancaria a la cuenta que nos indique.<\/li>\n<li>No se aceptar\u00e1 ninguna devoluci\u00f3n sin nuestro previo consentimiento.<\/li>\n<\/ol>\n<p class=\"p4\"><span class=\"s3\"><strong>A TENER EN CUENTA:<\/strong><\/span> BYOMEDIC SYSTEM, S.L.U. No se responsabilizar\u00e1 de los datos introducidos en el producto y\/o dispositivo y que a su reparaci\u00f3n o manipulaci\u00f3n desaparezcan. Por lo tanto, se recomienda que el cliente realice una copia de seguridad y\/o volcado de datos de su dispositivo antes del env\u00edo del mismo.<\/p>\n<p class=\"p3\"><strong>NOTA<\/strong>: El producto debe de ir perfectamente embalado y protegido para evitar da\u00f1os en el transporte de lo contrario el seguro de la empresa de transporte no se har\u00e1 responsable de los da\u00f1os ocasionados ni BYOMEDIC SYSTEM, S.L.U. tampoco. Siendo responsabilidad \u00fanica y exclusiva del cliente. El producto debe ser devuelto con los manuales, accesorios o regalos promocionales incluidos en su caso.<\/p>\n<p>&nbsp;<\/p>\n<hr \/>\n<h2><\/h2>\n<h2>Garant\u00eda<\/h2>\n<div id=\"center_column\" class=\"col-md-9 col-sm-8\">\n<article class=\"rte\">\n<section>\n<p class=\"p3\">El Certificado de Garant\u00eda (factura), garantiza la calidad del producto que ampara, en los t\u00e9rminos legalmente establecidos, durante un periodo de uno, dos o mas a\u00f1os, seg\u00fan lo establecido por el Fabricante, a partir de la fecha de entrega.<\/p>\n<p class=\"p3\">No se incluyen las deficiencias ocasionadas por negligencias, golpes, uso o manipulaciones indebidas, tensi\u00f3n no id\u00f3nea, instalaci\u00f3n incorrecta no efectuada por el Servicio T\u00e9cnico autorizado cuando proceda, ni materiales sometidos a desgaste por su uso normal.<\/p>\n<p class=\"p3\">En aquellas incidencias que justifiquen el uso de la garant\u00eda, se optar\u00e1 por la reparaci\u00f3n, sustituci\u00f3n del art\u00edculo, rebaja o devoluci\u00f3n, en los t\u00e9rminos legalmente establecidos. Para hacer uso de la garant\u00eda habr\u00e1 que comunicarlo previamente a nuestro departamento de servicio postventa, no siendo aceptada en nuestros almacenes ninguna mercanc\u00eda que no haya sido previamente autorizada a su cambio, devoluci\u00f3n o reparaci\u00f3n.<\/p>\n<p class=\"p3\">La garant\u00eda perder\u00e1 su valor:<\/p>\n<ul class=\"ul1\">\n<li class=\"li4\">Si se modifican, alteran o sustituyen algunos de los datos de la misma o del justificante de compra.<\/li>\n<li class=\"li4\">Si se manipula o repara el propio aparato garantizado sin conocimiento del Servicio T\u00e9cnico.<\/li>\n<li class=\"li3\">Si carece de factura.<\/li>\n<\/ul>\n<\/section>\n<\/article>\n<\/div>\n<p class=\"description\">Aqu\u00ed puedes crear el contenido que se usar\u00e1 dentro del m\u00f3dulo.<\/p>\n<p>[\/et_pb_text][\/et_pb_column][\/et_pb_row][\/et_pb_section]<\/p>","protected":false},"excerpt":{"rendered":"<p>CONDICIONES DE VENTA POR FAVOR, LEA ATENTAMENTE NUESTRAS CONDICIONES DE VENTA ANTES DE CONFIRMAR SU PEDIDO. &nbsp; C\u00f3mo realizar un pedido Puede realizar sus pedidos por los siguientes medios: Por tel\u00e9fono 93 730 67 32&nbsp;en horario de lunes a viernes de 9 h. a 13.30 h. y de 16 h. a 18 h. Por e-mail [&hellip;]<\/p>","protected":false},"author":30,"featured_media":0,"parent":0,"menu_order":0,"comment_status":"closed","ping_status":"closed","template":"","meta":{"_et_pb_use_builder":"on","_et_pb_old_content":"","_et_gb_content_width":"","footnotes":""},"_links":{"self":[{"href":"https:\/\/byomedicsystem.com\/en\/wp-json\/wp\/v2\/pages\/234913"}],"collection":[{"href":"https:\/\/byomedicsystem.com\/en\/wp-json\/wp\/v2\/pages"}],"about":[{"href":"https:\/\/byomedicsystem.com\/en\/wp-json\/wp\/v2\/types\/page"}],"author":[{"embeddable":true,"href":"https:\/\/byomedicsystem.com\/en\/wp-json\/wp\/v2\/users\/30"}],"replies":[{"embeddable":true,"href":"https:\/\/byomedicsystem.com\/en\/wp-json\/wp\/v2\/comments?post=234913"}],"version-history":[{"count":25,"href":"https:\/\/byomedicsystem.com\/en\/wp-json\/wp\/v2\/pages\/234913\/revisions"}],"predecessor-version":[{"id":235707,"href":"https:\/\/byomedicsystem.com\/en\/wp-json\/wp\/v2\/pages\/234913\/revisions\/235707"}],"wp:attachment":[{"href":"https:\/\/byomedicsystem.com\/en\/wp-json\/wp\/v2\/media?parent=234913"}],"curies":[{"name":"wp","href":"https:\/\/api.w.org\/{rel}","templated":true}]}}